{"id":865,"date":"2022-12-27T12:45:08","date_gmt":"2022-12-27T12:45:08","guid":{"rendered":"https:\/\/www.eyuboglu.av.tr\/?page_id=865"},"modified":"2024-11-30T09:53:34","modified_gmt":"2024-11-30T06:53:34","slug":"bulten","status":"publish","type":"page","link":"https:\/\/www.eyuboglu.av.tr\/en\/bulten\/","title":{"rendered":"Bulletin"},"content":{"rendered":"<div data-elementor-type=\"wp-page\" data-elementor-id=\"865\" class=\"elementor elementor-865\">\n\t\t\t\t\t\t\t\t\t<section class=\"elementor-section elementor-top-section elementor-element elementor-element-f359c91 elementor-section-boxed elementor-section-height-default elementor-section-height-default\" data-id=\"f359c91\" data-element_type=\"section\" data-settings=\"{&quot;background_background&quot;:&quot;classic&quot;,&quot;animation&quot;:&quot;none&quot;}\">\n\t\t\t\t\t\t<div class=\"elementor-container elementor-column-gap-default\">\n\t\t\t\t\t<div class=\"elementor-column elementor-col-100 elementor-top-column elementor-element elementor-element-8520f7f\" data-id=\"8520f7f\" data-element_type=\"column\" data-settings=\"{&quot;background_background&quot;:&quot;classic&quot;}\">\n\t\t\t<div class=\"elementor-widget-wrap elementor-element-populated\">\n\t\t\t\t\t\t\t\t<div class=\"elementor-element elementor-element-92b711e elementor-widget elementor-widget-elementskit-heading\" data-id=\"92b711e\" data-element_type=\"widget\" data-widget_type=\"elementskit-heading.default\">\n\t\t\t\t<div class=\"elementor-widget-container\">\n\t\t\t<div class=\"ekit-wid-con\" ><div class=\"ekit-heading elementskit-section-title-wraper text_left   ekit_heading_tablet-   ekit_heading_mobile-\"><h2 class=\"ekit-heading--title elementskit-section-title\">\n\t\t\t\t\tBulletin\n\t\t\t\t<\/h2><div class=\"ekit_heading_separetor_wraper ekit_heading_elementskit-border-divider\"><div class=\"elementskit-border-divider\"><\/div><\/div><\/div><\/div>\t\t<\/div>\n\t\t\t\t<\/div>\n\t\t\t\t\t<\/div>\n\t\t<\/div>\n\t\t\t\t\t\t\t<\/div>\n\t\t<\/section>\n\t\t\t\t<section class=\"elementor-section elementor-top-section elementor-element elementor-element-a40dc19 elementor-section-boxed elementor-section-height-default elementor-section-height-default\" data-id=\"a40dc19\" data-element_type=\"section\">\n\t\t\t\t\t\t<div class=\"elementor-container elementor-column-gap-default\">\n\t\t\t\t\t<div class=\"elementor-column elementor-col-100 elementor-top-column elementor-element elementor-element-1d438c0\" data-id=\"1d438c0\" data-element_type=\"column\">\n\t\t\t<div class=\"elementor-widget-wrap elementor-element-populated\">\n\t\t\t\t\t\t\t\t<div class=\"elementor-element elementor-element-b80ee5d elementor-widget elementor-widget-heading\" data-id=\"b80ee5d\" data-element_type=\"widget\" data-widget_type=\"heading.default\">\n\t\t\t\t<div class=\"elementor-widget-container\">\n\t\t\t<style>\/*! elementor - v3.6.5 - 27-04-2022 *\/\n.elementor-heading-title{padding:0;margin:0;line-height:1}.elementor-widget-heading .elementor-heading-title[class*=elementor-size-]>a{color:inherit;font-size:inherit;line-height:inherit}.elementor-widget-heading .elementor-heading-title.elementor-size-small{font-size:15px}.elementor-widget-heading .elementor-heading-title.elementor-size-medium{font-size:19px}.elementor-widget-heading .elementor-heading-title.elementor-size-large{font-size:29px}.elementor-widget-heading .elementor-heading-title.elementor-size-xl{font-size:39px}.elementor-widget-heading .elementor-heading-title.elementor-size-xxl{font-size:59px}<\/style><h3 class=\"elementor-heading-title elementor-size-default\">2024<\/h3>\t\t<\/div>\n\t\t\t\t<\/div>\n\t\t\t\t<div class=\"elementor-element elementor-element-af7f4b5 elementor-widget elementor-widget-heading\" data-id=\"af7f4b5\" data-element_type=\"widget\" data-widget_type=\"heading.default\">\n\t\t\t\t<div class=\"elementor-widget-container\">\n\t\t\t<h5 class=\"elementor-heading-title elementor-size-default\">EYL\u00dcL 2024<\/h5>\t\t<\/div>\n\t\t\t\t<\/div>\n\t\t\t\t<div class=\"elementor-element elementor-element-ad24cb0 elementor-grid-eael-col-1 elementor-grid-tablet-eael-col-2 elementor-grid-mobile-eael-col-1 elementor-widget elementor-widget-eael-post-grid\" data-id=\"ad24cb0\" data-element_type=\"widget\" data-settings=\"{&quot;eael_post_grid_columns&quot;:&quot;eael-col-1&quot;,&quot;eael_post_grid_columns_tablet&quot;:&quot;eael-col-2&quot;,&quot;eael_post_grid_columns_mobile&quot;:&quot;eael-col-1&quot;}\" data-widget_type=\"eael-post-grid.default\">\n\t\t\t\t<div class=\"elementor-widget-container\">\n\t\t\t<div id=\"eael-post-grid-ad24cb0\" class=\"eael-post-grid-container\">\n            <div class=\"eael-post-grid eael-post-appender eael-post-appender-ad24cb0 eael-post-grid-style-default\" data-layout-mode=\"masonry\"><article class=\"eael-grid-post eael-post-grid-column\" data-id=\"1175\">\n        <div class=\"eael-grid-post-holder\">\n            <div class=\"eael-grid-post-holder-inner\"><div class=\"eael-entry-wrapper\"><header class=\"eael-entry-header\"><h2 class=\"eael-entry-title\"><a\n                        class=\"eael-grid-post-link\"\n                        href=\"https:\/\/www.eyuboglu.av.tr\/en\/patente-tecavuzun-olmadiginin-tespiti-davasinda-yergilama-gideri-ve-vekalet-ucreti\/\"\n                        title=\"PATENTE TECAV\u00dcZ\u00dcN OLMADI\u011eININ TESP\u0130T\u0130 DAVASINDA YERGILAMA G\u0130DER\u0130 VE VEKALET \u00dcCRET\u0130\">PATENTE TECAV\u00dcZ\u00dcN OLMADI\u011eININ TESP\u0130T\u0130 DAVASINDA YERGILAMA G\u0130DER\u0130 VE VEKALET \u00dcCRET\u0130<\/a><\/h2><\/header><div class=\"eael-entry-content\">\n                        <div class=\"eael-grid-post-excerpt\"><p>PATENTE TECAV\u00dcZ\u00dcN OLMADI\u011eININ TESP\u0130T\u0130 DAVASINDA YERGILAMA G\u0130DER\u0130 VE VEKALET \u00dcCRET\u0130 Patente tecav\u00fcz\u00fcn olmad\u0131\u011f\u0131n\u0131n tespiti davas\u0131, hukuki dayana\u011f\u0131n\u0131 6769 say\u0131l\u0131 S\u0131nai M\u00fclkiyet Kanununun 154. Maddesinden almaktad\u0131r. Madde; \u201c(1) Menfaati olan herkes, T\u00fcrkiye\u2019de giri\u015fti\u011fi veya giri\u015fece\u011fi ticari veya s\u0131nai faaliyetin ya da bu ama\u00e7la yapm\u0131\u015f oldu\u011fu ciddi ve fiili giri\u015fimlerin s\u0131nai m\u00fclkiyet hakk\u0131na tecav\u00fcz te\u015fkil edip etmedi\u011fi [&hellip;]<\/p><a\n                            href=\"https:\/\/www.eyuboglu.av.tr\/en\/patente-tecavuzun-olmadiginin-tespiti-davasinda-yergilama-gideri-ve-vekalet-ucreti\/\"\n                            class=\"eael-post-elements-readmore-btn\">Devam\u0131<\/a><\/div>\n                    <\/div><div class=\"eael-entry-footer\"><div class=\"eael-entry-meta\"><\/div><\/div><\/div><\/div>\n        <\/div>\n    <\/article><\/div>\n            <div class=\"clearfix\"><\/div>\n        <\/div>\t\t<\/div>\n\t\t\t\t<\/div>\n\t\t\t\t<div class=\"elementor-element elementor-element-be484de elementor-widget elementor-widget-heading\" data-id=\"be484de\" data-element_type=\"widget\" data-widget_type=\"heading.default\">\n\t\t\t\t<div class=\"elementor-widget-container\">\n\t\t\t<h5 class=\"elementor-heading-title elementor-size-default\">EK\u0130M 2024<\/h5>\t\t<\/div>\n\t\t\t\t<\/div>\n\t\t\t\t<div class=\"elementor-element elementor-element-a5f9c2d elementor-grid-eael-col-1 elementor-grid-tablet-eael-col-2 elementor-grid-mobile-eael-col-1 elementor-widget elementor-widget-eael-post-grid\" data-id=\"a5f9c2d\" data-element_type=\"widget\" data-settings=\"{&quot;eael_post_grid_columns&quot;:&quot;eael-col-1&quot;,&quot;eael_post_grid_columns_tablet&quot;:&quot;eael-col-2&quot;,&quot;eael_post_grid_columns_mobile&quot;:&quot;eael-col-1&quot;}\" data-widget_type=\"eael-post-grid.default\">\n\t\t\t\t<div class=\"elementor-widget-container\">\n\t\t\t<div id=\"eael-post-grid-a5f9c2d\" class=\"eael-post-grid-container\">\n            <div class=\"eael-post-grid eael-post-appender eael-post-appender-a5f9c2d eael-post-grid-style-default\" data-layout-mode=\"masonry\"><article class=\"eael-grid-post eael-post-grid-column\" data-id=\"1198\">\n        <div class=\"eael-grid-post-holder\">\n            <div class=\"eael-grid-post-holder-inner\"><div class=\"eael-entry-wrapper\"><header class=\"eael-entry-header\"><h2 class=\"eael-entry-title\"><a\n                        class=\"eael-grid-post-link\"\n                        href=\"https:\/\/www.eyuboglu.av.tr\/en\/rekabet-kurumu-is-gucu-piyasalarindaki-rekabet-ihlallerine-yonelik-kilavuz-taslagini-kamuoyu-gorusune-sunmustur\/\"\n                        title=\"Rekabet Kurumu, \u0130\u015f G\u00fcc\u00fc Piyasalar\u0131ndaki Rekabet \u0130hlallerine Y\u00f6nelik K\u0131lavuz Tasla\u011f\u0131\u2019n\u0131 kamuoyu g\u00f6r\u00fc\u015f\u00fcne sunmu\u015ftur.\">Rekabet Kurumu, \u0130\u015f G\u00fcc\u00fc Piyasalar\u0131ndaki Rekabet \u0130hlallerine Y\u00f6nelik K\u0131lavuz Tasla\u011f\u0131\u2019n\u0131 kamuoyu g\u00f6r\u00fc\u015f\u00fcne sunmu\u015ftur.<\/a><\/h2><\/header><div class=\"eael-entry-content\">\n                        <div class=\"eael-grid-post-excerpt\"><p>Rekabet Kurumu, \u0130\u015f G\u00fcc\u00fc Piyasalar\u0131ndaki Rekabet \u0130hlallerine Y\u00f6nelik K\u0131lavuz Tasla\u011f\u0131\u2019n\u0131 kamuoyu g\u00f6r\u00fc\u015f\u00fcne sunmu\u015ftur. &nbsp; Rekabet kurumu taraf\u0131ndan yap\u0131lan a\u00e7\u0131klama kapsam\u0131nda, eme\u011fe y\u00f6nelik rekabetin esas oldu\u011fu i\u015f g\u00fcc\u00fc piyasalar\u0131n\u0131n temel yap\u0131sal \u00f6zelli\u011fi \u00e7ok say\u0131da \u00e7al\u0131\u015fan kar\u015f\u0131s\u0131nda az say\u0131da i\u015fverenin faaliyet g\u00f6stermesi oldu\u011fu belirtilmi\u015ftir. Bu \u00f6zelli\u011fin pazarda, \u00e7al\u0131\u015fanlar\u0131n \u00fccret ve di\u011fer \u00e7al\u0131\u015fma ko\u015fullar\u0131na y\u00f6nelik i\u015fveren lehine bir [&hellip;]<\/p><a\n                            href=\"https:\/\/www.eyuboglu.av.tr\/en\/rekabet-kurumu-is-gucu-piyasalarindaki-rekabet-ihlallerine-yonelik-kilavuz-taslagini-kamuoyu-gorusune-sunmustur\/\"\n                            class=\"eael-post-elements-readmore-btn\">Devam\u0131<\/a><\/div>\n                    <\/div><\/div><\/div>\n        <\/div>\n    <\/article><\/div>\n            <div class=\"clearfix\"><\/div>\n        <\/div>            <div class=\"eael-load-more-button-wrap eael-force-hide\">\n                <button class=\"eael-load-more-button\" id=\"eael-load-more-btn-a5f9c2d\" data-widget-id=\"a5f9c2d\" data-widget=\"a5f9c2d\" data-page-id=\"865\" data-nonce=\"2351938227\" data-template=\"{&quot;dir&quot;:&quot;lite&quot;,&quot;file_name&quot;:&quot;default.php&quot;,&quot;name&quot;:&quot;Post-Grid&quot;}\" data-class=\"Essential_Addons_Elementor\\Elements\\Post_Grid\" data-layout=\"masonry\" data-page=\"1\" data-args=\"orderby=date&amp;order=desc&amp;ignore_sticky_posts=1&amp;post_status=publish&amp;posts_per_page=1&amp;offset=0&amp;post_type=post&amp;tax_query%5B0%5D%5Btaxonomy%5D=post_tag&amp;tax_query%5B0%5D%5Bfield%5D=term_id&amp;tax_query%5B0%5D%5Bterms%5D%5B0%5D=13&amp;tax_query%5Brelation%5D=AND\" data-max-page=\"2\">\n                    <div class=\"eael-btn-loader button__loader\"><\/div>\n                    <span>Load More<\/span>\n                <\/button>\n            <\/div>\n        \t\t<\/div>\n\t\t\t\t<\/div>\n\t\t\t\t<div class=\"elementor-element elementor-element-1bf7490 elementor-widget elementor-widget-heading\" data-id=\"1bf7490\" data-element_type=\"widget\" data-widget_type=\"heading.default\">\n\t\t\t\t<div class=\"elementor-widget-container\">\n\t\t\t<h5 class=\"elementor-heading-title elementor-size-default\">KASIM 2024<\/h5>\t\t<\/div>\n\t\t\t\t<\/div>\n\t\t\t\t<div class=\"elementor-element elementor-element-1045ab6 elementor-grid-eael-col-1 elementor-grid-tablet-eael-col-2 elementor-grid-mobile-eael-col-1 elementor-widget elementor-widget-eael-post-grid\" data-id=\"1045ab6\" data-element_type=\"widget\" data-settings=\"{&quot;eael_post_grid_columns&quot;:&quot;eael-col-1&quot;,&quot;eael_post_grid_columns_tablet&quot;:&quot;eael-col-2&quot;,&quot;eael_post_grid_columns_mobile&quot;:&quot;eael-col-1&quot;}\" data-widget_type=\"eael-post-grid.default\">\n\t\t\t\t<div class=\"elementor-widget-container\">\n\t\t\t<div id=\"eael-post-grid-1045ab6\" class=\"eael-post-grid-container\">\n            <div class=\"eael-post-grid eael-post-appender eael-post-appender-1045ab6 eael-post-grid-style-default\" data-layout-mode=\"masonry\"><article class=\"eael-grid-post eael-post-grid-column\" data-id=\"1226\">\n        <div class=\"eael-grid-post-holder\">\n            <div class=\"eael-grid-post-holder-inner\"><div class=\"eael-entry-wrapper\"><header class=\"eael-entry-header\"><h2 class=\"eael-entry-title\"><a\n                        class=\"eael-grid-post-link\"\n                        href=\"https:\/\/www.eyuboglu.av.tr\/en\/epc-65-ve-uygulama-yonetmeligi-12-maddesinin-uygulanmasi-tartismasi\/\"\n                        title=\"EPC 65 VE UYGULAMA Y\u00d6NETMEL\u0130\u011e\u0130 12. MADDES\u0130N\u0130N UYGULANMASI TARTI\u015eMASI\">EPC 65 VE UYGULAMA Y\u00d6NETMEL\u0130\u011e\u0130 12. MADDES\u0130N\u0130N UYGULANMASI TARTI\u015eMASI<\/a><\/h2><\/header><div class=\"eael-entry-content\">\n                        <div class=\"eael-grid-post-excerpt\"><p>\u00a06769 SAYILI SINA\u0130 M\u00dcLK\u0130YET KANUNUNUN 107. MADDES\u0130, AVRUPA PATENT S\u00d6ZLE\u015eMES\u0130\u2019N\u0130N 65. MADDES\u0130 VE UYGULAMA Y\u00d6NETMEL\u0130\u011e\u0130 12. MADDES\u0130N\u0130N UYGULANMASINA DA\u0130R B\u0130R YARGI KARARININ DE\u011eERLEND\u0130R\u0130LMES\u0130 \u00a0Bu yaz\u0131da, bir Avrupa Patentinin, T\u00fcrk Patent ve Marka Kurumu kay\u0131tlar\u0131na, 3 ayl\u0131k hak d\u00fc\u015f\u00fcr\u00fcc\u00fc s\u00fcre ge\u00e7irildikten sonra girmesi halinde, 6769 say\u0131l\u0131 S\u0131nai M\u00fclkiyet Kanunu\u2019nun (SMK) 107. Maddesinin uygulanabilirli\u011fi hususunun tart\u0131\u015f\u0131ld\u0131\u011f\u0131 bir [&hellip;]<\/p><a\n                            href=\"https:\/\/www.eyuboglu.av.tr\/en\/epc-65-ve-uygulama-yonetmeligi-12-maddesinin-uygulanmasi-tartismasi\/\"\n                            class=\"eael-post-elements-readmore-btn\">Devam\u0131<\/a><\/div>\n                    <\/div><\/div><\/div>\n        <\/div>\n    <\/article><\/div>\n            <div class=\"clearfix\"><\/div>\n        <\/div>\t\t<\/div>\n\t\t\t\t<\/div>\n\t\t\t\t<div class=\"elementor-element elementor-element-15bc65f elementor-widget elementor-widget-spacer\" data-id=\"15bc65f\" data-element_type=\"widget\" data-widget_type=\"spacer.default\">\n\t\t\t\t<div class=\"elementor-widget-container\">\n\t\t\t<style>\/*! elementor - v3.6.5 - 27-04-2022 *\/\n.e-container.e-container--row .elementor-spacer-inner{width:var(--spacer-size)}.e-container.e-container--column .elementor-spacer-inner,.elementor-column .elementor-spacer-inner{height:var(--spacer-size)}<\/style>\t\t<div class=\"elementor-spacer\">\n\t\t\t<div class=\"elementor-spacer-inner\"><\/div>\n\t\t<\/div>\n\t\t\t\t<\/div>\n\t\t\t\t<\/div>\n\t\t\t\t\t<\/div>\n\t\t<\/div>\n\t\t\t\t\t\t\t<\/div>\n\t\t<\/section>\n\t\t\t\t\t\t\t<\/div>","protected":false},"excerpt":{"rendered":"<p>B\u00fclten 2024 EYL\u00dcL 2024 No posts found! EK\u0130M 2024 Rekabet Kurumu, \u0130\u015f G\u00fcc\u00fc Piyasalar\u0131ndaki Rekabet \u0130hlallerine Y\u00f6nelik K\u0131lavuz Tasla\u011f\u0131\u2019n\u0131 kamuoyu g\u00f6r\u00fc\u015f\u00fcne sunmu\u015ftur. Rekabet Kurumu, \u0130\u015f G\u00fcc\u00fc Piyasalar\u0131ndaki Rekabet \u0130hlallerine Y\u00f6nelik K\u0131lavuz Tasla\u011f\u0131\u2019n\u0131 kamuoyu g\u00f6r\u00fc\u015f\u00fcne sunmu\u015ftur. &nbsp; Rekabet kurumu taraf\u0131ndan yap\u0131lan a\u00e7\u0131klama kapsam\u0131nda, eme\u011fe y\u00f6nelik rekabetin esas oldu\u011fu i\u015f g\u00fcc\u00fc piyasalar\u0131n\u0131n temel yap\u0131sal \u00f6zelli\u011fi \u00e7ok say\u0131da [&hellip;]<\/p>","protected":false},"author":1,"featured_media":0,"parent":0,"menu_order":0,"comment_status":"closed","ping_status":"closed","template":"","meta":[],"_links":{"self":[{"href":"https:\/\/www.eyuboglu.av.tr\/en\/wp-json\/wp\/v2\/pages\/865"}],"collection":[{"href":"https:\/\/www.eyuboglu.av.tr\/en\/wp-json\/wp\/v2\/pages"}],"about":[{"href":"https:\/\/www.eyuboglu.av.tr\/en\/wp-json\/wp\/v2\/types\/page"}],"author":[{"embeddable":true,"href":"https:\/\/www.eyuboglu.av.tr\/en\/wp-json\/wp\/v2\/users\/1"}],"replies":[{"embeddable":true,"href":"https:\/\/www.eyuboglu.av.tr\/en\/wp-json\/wp\/v2\/comments?post=865"}],"version-history":[{"count":40,"href":"https:\/\/www.eyuboglu.av.tr\/en\/wp-json\/wp\/v2\/pages\/865\/revisions"}],"predecessor-version":[{"id":1230,"href":"https:\/\/www.eyuboglu.av.tr\/en\/wp-json\/wp\/v2\/pages\/865\/revisions\/1230"}],"wp:attachment":[{"href":"https:\/\/www.eyuboglu.av.tr\/en\/wp-json\/wp\/v2\/media?parent=865"}],"curies":[{"name":"wp","href":"https:\/\/api.w.org\/{rel}","templated":true}]}}